{"id":184,"date":"2020-01-20T15:53:03","date_gmt":"2020-01-20T15:53:03","guid":{"rendered":"http:\/\/hegcargo.com\/?page_id=184"},"modified":"2024-06-19T09:10:37","modified_gmt":"2024-06-19T09:10:37","slug":"kontakt","status":"publish","type":"page","link":"https:\/\/hegcargo.com\/?page_id=184","title":{"rendered":"Kontakt"},"content":{"rendered":"<p>[et_pb_section fb_built=&#8220;1&#8243; fullwidth=&#8220;on&#8220; _builder_version=&#8220;4.16&#8243; global_colors_info=&#8220;{}&#8220;][et_pb_fullwidth_image src=&#8220;https:\/\/hegcargo.com\/wp-content\/uploads\/2020\/01\/Fotolia_158555787_L.jpg&#8220; _builder_version=&#8220;4.16&#8243; border_width_top=&#8220;10px&#8220; border_color_top=&#8220;#e2ba5a&#8220; global_colors_info=&#8220;{}&#8220;][\/et_pb_fullwidth_image][\/et_pb_section][et_pb_section fb_built=&#8220;1&#8243; _builder_version=&#8220;4.16&#8243; background_color=&#8220;#ffffff&#8220; global_colors_info=&#8220;{}&#8220;][et_pb_row column_structure=&#8220;2_3,1_3&#8243; _builder_version=&#8220;4.25.0&#8243; global_colors_info=&#8220;{}&#8220;][et_pb_column type=&#8220;2_3&#8243; _builder_version=&#8220;4.16&#8243; global_colors_info=&#8220;{}&#8220;][et_pb_text _builder_version=&#8220;4.16&#8243; global_colors_info=&#8220;{}&#8220;]<\/p>\n<h2><strong>Kontakt <\/strong><\/h2>\n<p><span style=\"color: #858585;\"><strong>Luftfracht relevanter Standort\u00a0<\/strong><\/span><\/p>\n<p><span style=\"color: #858585;\"><strong>DE\/RA\/01524-01 <\/strong><\/span><br \/><span style=\"color: #858585;\"> HEG Cargo GmbH<\/span><br \/><span style=\"color: #858585;\">Kelsterbacher Stra\u00dfe 18a<\/span><br \/><span style=\"color: #858585;\"> 65479 Raunheim <br \/><a href=\"mailto:dispo@hegcargo.com\" target=\"_blank\" rel=\"noopener noreferrer\">dispo@hegcargo.de<\/a><\/span><span style=\"color: #858585;\"><\/span><\/p>\n<p><span style=\"color: #858585;\"><\/span><\/p>\n<p><span style=\"color: #858585;\"><strong>Nicht Luftfracht relevanter\u00a0(administrativer)\u00a0Standort\u00a0<\/strong><\/span><br \/><span style=\"color: #858585;\"> HEG Cargo GmbH<\/span><br \/><span style=\"color: #858585;\"> Berliner Stra\u00dfe 116<\/span><br \/><span style=\"color: #858585;\"> 63065 Offenbach am Main<br \/><a href=\"mailto:dispo@hegcargo.com\" target=\"_blank\" rel=\"noopener noreferrer\">dispo@hegcargo.de<\/a><br \/><\/span><\/p>\n<p>[\/et_pb_text][\/et_pb_column][et_pb_column type=&#8220;1_3&#8243; _builder_version=&#8220;4.25.0&#8243; background_color=&#8220;#282828&#8243; custom_padding=&#8220;40px|20px|40px|20px|false|false&#8220; border_width_top=&#8220;6px&#8220; border_color_top=&#8220;#E2BA5A&#8220; global_colors_info=&#8220;{}&#8220;][et_pb_blurb title=&#8220;Dispo-Ruf: 0162 66 88 100&#8243; use_icon=&#8220;on&#8220; font_icon=&#8220;&#xf590;||fa||900&#8243; icon_placement=&#8220;left&#8220; image_icon_width=&#8220;32px&#8220; _builder_version=&#8220;4.25.0&#8243; _module_preset=&#8220;default&#8220; header_text_color=&#8220;#FFFFFF&#8220; header_font_size=&#8220;20px&#8220; image_icon_custom_margin=&#8220;-9px||||false|false&#8220; global_colors_info=&#8220;{}&#8220;][\/et_pb_blurb][et_pb_divider _builder_version=&#8220;4.25.0&#8243; _module_preset=&#8220;default&#8220; global_colors_info=&#8220;{}&#8220;][\/et_pb_divider][et_pb_blurb title=&#8220;dispo@hegcargo.de&#8220; use_icon=&#8220;on&#8220; font_icon=&#8220;&#xf1d8;||fa||900&#8243; icon_placement=&#8220;left&#8220; image_icon_width=&#8220;32px&#8220; _builder_version=&#8220;4.25.0&#8243; _module_preset=&#8220;default&#8220; header_text_color=&#8220;#FFFFFF&#8220; header_font_size=&#8220;20px&#8220; image_icon_custom_margin=&#8220;-9px||||false|false&#8220; hover_enabled=&#8220;0&#8243; global_colors_info=&#8220;{}&#8220; sticky_enabled=&#8220;0&#8243;][\/et_pb_blurb][et_pb_divider _builder_version=&#8220;4.25.0&#8243; _module_preset=&#8220;default&#8220; global_colors_info=&#8220;{}&#8220;][\/et_pb_divider][et_pb_blurb title=&#8220;Kontaktformular&#8220; use_icon=&#8220;on&#8220; font_icon=&#8220;&#x76;||divi||400&#8243; icon_placement=&#8220;left&#8220; image_icon_width=&#8220;32px&#8220; _builder_version=&#8220;4.25.0&#8243; _module_preset=&#8220;default&#8220; header_text_color=&#8220;#FFFFFF&#8220; header_font_size=&#8220;20px&#8220; image_icon_custom_margin=&#8220;-9px||||false|false&#8220; link_option_url=&#8220;https:\/\/hegcargo.com\/?page_id=184&#8243; global_colors_info=&#8220;{}&#8220;][\/et_pb_blurb][\/et_pb_column][\/et_pb_row][\/et_pb_section][et_pb_section fb_built=&#8220;1&#8243; module_id=&#8220;f&#8220; _builder_version=&#8220;4.16&#8243; background_color=&#8220;#858585&#8243; global_colors_info=&#8220;{}&#8220;][et_pb_row _builder_version=&#8220;4.16&#8243; global_colors_info=&#8220;{}&#8220;][et_pb_column type=&#8220;4_4&#8243; _builder_version=&#8220;4.16&#8243; global_colors_info=&#8220;{}&#8220;][et_pb_text _builder_version=&#8220;4.16&#8243; global_colors_info=&#8220;{}&#8220;]<\/p>\n<h2><strong>Kontaktieren Sie uns <\/strong><br \/><span style=\"color: #ffffff;\">Wir melden uns schnellstm\u00f6glich bei Ihnen zur\u00fcck!<\/span><\/h2>\n<p>[\/et_pb_text][et_pb_contact_form email=&#8220;dispo@hegcargo.com&#8220; _builder_version=&#8220;4.16&#8243; _unique_id=&#8220;adfd49c0-066b-41ed-b3bd-f67e6ae6af26&#8243; title_font=&#8220;Archivo Narrow||||||||&#8220; global_colors_info=&#8220;{}&#8220;][et_pb_contact_field field_id=&#8220;Name&#8220; field_title=&#8220;Name&#8220; _builder_version=&#8220;4.16&#8243; global_colors_info=&#8220;{}&#8220; button_text_size__hover_enabled=&#8220;off&#8220; button_one_text_size__hover_enabled=&#8220;off&#8220; button_two_text_size__hover_enabled=&#8220;off&#8220; button_text_color__hover_enabled=&#8220;off&#8220; button_one_text_color__hover_enabled=&#8220;off&#8220; button_two_text_color__hover_enabled=&#8220;off&#8220; button_border_width__hover_enabled=&#8220;off&#8220; button_one_border_width__hover_enabled=&#8220;off&#8220; button_two_border_width__hover_enabled=&#8220;off&#8220; button_border_color__hover_enabled=&#8220;off&#8220; button_one_border_color__hover_enabled=&#8220;off&#8220; button_two_border_color__hover_enabled=&#8220;off&#8220; button_border_radius__hover_enabled=&#8220;off&#8220; button_one_border_radius__hover_enabled=&#8220;off&#8220; button_two_border_radius__hover_enabled=&#8220;off&#8220; button_letter_spacing__hover_enabled=&#8220;off&#8220; button_one_letter_spacing__hover_enabled=&#8220;off&#8220; button_two_letter_spacing__hover_enabled=&#8220;off&#8220; button_bg_color__hover_enabled=&#8220;off&#8220; button_one_bg_color__hover_enabled=&#8220;off&#8220; button_two_bg_color__hover_enabled=&#8220;off&#8220;][\/et_pb_contact_field][et_pb_contact_field field_id=&#8220;Email&#8220; field_title=&#8220;E-Mail-Adresse&#8220; field_type=&#8220;email&#8220; _builder_version=&#8220;4.16&#8243; global_colors_info=&#8220;{}&#8220; button_text_size__hover_enabled=&#8220;off&#8220; button_one_text_size__hover_enabled=&#8220;off&#8220; button_two_text_size__hover_enabled=&#8220;off&#8220; button_text_color__hover_enabled=&#8220;off&#8220; button_one_text_color__hover_enabled=&#8220;off&#8220; button_two_text_color__hover_enabled=&#8220;off&#8220; button_border_width__hover_enabled=&#8220;off&#8220; button_one_border_width__hover_enabled=&#8220;off&#8220; button_two_border_width__hover_enabled=&#8220;off&#8220; button_border_color__hover_enabled=&#8220;off&#8220; button_one_border_color__hover_enabled=&#8220;off&#8220; button_two_border_color__hover_enabled=&#8220;off&#8220; button_border_radius__hover_enabled=&#8220;off&#8220; button_one_border_radius__hover_enabled=&#8220;off&#8220; button_two_border_radius__hover_enabled=&#8220;off&#8220; button_letter_spacing__hover_enabled=&#8220;off&#8220; button_one_letter_spacing__hover_enabled=&#8220;off&#8220; button_two_letter_spacing__hover_enabled=&#8220;off&#8220; button_bg_color__hover_enabled=&#8220;off&#8220; button_one_bg_color__hover_enabled=&#8220;off&#8220; button_two_bg_color__hover_enabled=&#8220;off&#8220;][\/et_pb_contact_field][et_pb_contact_field field_id=&#8220;Message&#8220; field_title=&#8220;Nachricht&#8220; field_type=&#8220;text&#8220; fullwidth_field=&#8220;on&#8220; _builder_version=&#8220;4.16&#8243; global_colors_info=&#8220;{}&#8220; button_text_size__hover_enabled=&#8220;off&#8220; button_one_text_size__hover_enabled=&#8220;off&#8220; button_two_text_size__hover_enabled=&#8220;off&#8220; button_text_color__hover_enabled=&#8220;off&#8220; button_one_text_color__hover_enabled=&#8220;off&#8220; button_two_text_color__hover_enabled=&#8220;off&#8220; button_border_width__hover_enabled=&#8220;off&#8220; button_one_border_width__hover_enabled=&#8220;off&#8220; button_two_border_width__hover_enabled=&#8220;off&#8220; button_border_color__hover_enabled=&#8220;off&#8220; button_one_border_color__hover_enabled=&#8220;off&#8220; button_two_border_color__hover_enabled=&#8220;off&#8220; button_border_radius__hover_enabled=&#8220;off&#8220; button_one_border_radius__hover_enabled=&#8220;off&#8220; button_two_border_radius__hover_enabled=&#8220;off&#8220; button_letter_spacing__hover_enabled=&#8220;off&#8220; button_one_letter_spacing__hover_enabled=&#8220;off&#8220; button_two_letter_spacing__hover_enabled=&#8220;off&#8220; button_bg_color__hover_enabled=&#8220;off&#8220; button_one_bg_color__hover_enabled=&#8220;off&#8220; button_two_bg_color__hover_enabled=&#8220;off&#8220;][\/et_pb_contact_field][\/et_pb_contact_form][\/et_pb_column][\/et_pb_row][\/et_pb_section]<\/p>\n","protected":false},"excerpt":{"rendered":"<p>Kontakt Luftfracht relevanter Standort\u00a0 DE\/RA\/01524-01 HEG Cargo GmbHKelsterbacher Stra\u00dfe 18a 65479 Raunheim dispo@hegcargo.de Nicht Luftfracht relevanter\u00a0(administrativer)\u00a0Standort\u00a0 HEG Cargo GmbH Berliner Stra\u00dfe 116 63065 Offenbach am Maindispo@hegcargo.deKontaktieren Sie uns Wir melden uns schnellstm\u00f6glich bei Ihnen zur\u00fcck!<\/p>\n","protected":false},"author":1,"featured_media":0,"parent":0,"menu_order":0,"comment_status":"closed","ping_status":"closed","template":"","meta":{"_et_pb_use_builder":"on","_et_pb_old_content":"","_et_gb_content_width":"","footnotes":""},"_links":{"self":[{"href":"https:\/\/hegcargo.com\/index.php?rest_route=\/wp\/v2\/pages\/184"}],"collection":[{"href":"https:\/\/hegcargo.com\/index.php?rest_route=\/wp\/v2\/pages"}],"about":[{"href":"https:\/\/hegcargo.com\/index.php?rest_route=\/wp\/v2\/types\/page"}],"author":[{"embeddable":true,"href":"https:\/\/hegcargo.com\/index.php?rest_route=\/wp\/v2\/users\/1"}],"replies":[{"embeddable":true,"href":"https:\/\/hegcargo.com\/index.php?rest_route=%2Fwp%2Fv2%2Fcomments&post=184"}],"version-history":[{"count":20,"href":"https:\/\/hegcargo.com\/index.php?rest_route=\/wp\/v2\/pages\/184\/revisions"}],"predecessor-version":[{"id":440,"href":"https:\/\/hegcargo.com\/index.php?rest_route=\/wp\/v2\/pages\/184\/revisions\/440"}],"wp:attachment":[{"href":"https:\/\/hegcargo.com\/index.php?rest_route=%2Fwp%2Fv2%2Fmedia&parent=184"}],"curies":[{"name":"wp","href":"https:\/\/api.w.org\/{rel}","templated":true}]}}